{"id":4153,"date":"2025-12-29T16:11:07","date_gmt":"2025-12-29T16:11:07","guid":{"rendered":"https:\/\/inarms.pl\/cookie-policy\/"},"modified":"2026-04-08T10:36:36","modified_gmt":"2026-04-08T10:36:36","slug":"cookie-policy","status":"publish","type":"page","link":"https:\/\/inarms.pl\/en\/cookie-policy\/","title":{"rendered":"Cookie Policy"},"content":{"rendered":"\t\t<div data-elementor-type=\"wp-page\" data-elementor-id=\"4153\" class=\"elementor elementor-4153 elementor-2315\" data-elementor-post-type=\"page\">\n\t\t\t\t<div class=\"elementor-element elementor-element-cb41a55 e-flex e-con-boxed e-con e-parent\" data-id=\"cb41a55\" data-element_type=\"container\" data-e-type=\"container\">\n\t\t\t\t\t<div class=\"e-con-inner\">\n\t\t\t\t<div class=\"elementor-element elementor-element-4f8fa7a elementor-widget elementor-widget-text-editor\" data-id=\"4f8fa7a\" data-element_type=\"widget\" data-e-type=\"widget\" data-widget_type=\"text-editor.default\">\n\t\t\t\t\t\t\t\t\t<p>Cookies are text files that are automatically generated by web browsers when visiting or using websites. They are sent by the website and stored on the user&#8217;s device. Through them, the administrator receives information that, among other things, enables the proper functioning of the site, ensures security, and improves its performance.  <\/p><p><b>Data Controller<\/b><\/p><p>The controller of your personal data is INFOV SP\u00d3\u0141KA Z OGRANICZON\u0104 ODPOWIEDZIALNO\u015aCI\u0104, entered into the register of entrepreneurs maintained by the DISTRICT COURT FOR THE CAPITAL CITY OF WARSAW IN WARSAW, XIV COMMERCIAL DIVISION OF THE NATIONAL COURT REGISTER under KRS number: 0000621574, NIP: 7123313875, REGON: 364635788, place of business and correspondence address: Aleja Krakowska 9, 05-090 S\u0119kocin Nowy, Poland, e-mail address: info@inarms.pl, tel: + 48 22 290 49 05.<\/p><p><b>Types of Cookies<\/b><\/p><p>On our websites, we use the following types of cookies:<\/p><p><b>Necessary\/Technical: <\/b>These files are essential for the proper functioning of the website. These files are installed specifically for the purpose of remembering login sessions or completing forms, as well as to remember whether you have been informed about the use of cookies. <\/p><p><b>Functional: <\/b>They remember and adapt the platform to your choices, e.g., they allow for automatic completion of the email address from which you last logged in to the platform.<\/p><p><b>Analytical:<\/b> They allow us to check the number of visits and traffic sources. With their help, we can determine which pages are popular and which are not. We use them to analyze statistics and improve the performance of our pages. On our sites, we use solutions from Google, Mailerchimp, and Hotjar, among others.   <\/p><p><b>Marketing<\/b> \u2013 They allow for matching displayed advertising content to the user&#8217;s interests, not only within our portal but also outside of it. They may be installed by advertising partners. Based on information from these cookies and activity on other services, a user interest profile is built.  <\/p><p><b>Social Media Cookies: <\/b>These are cookies installed by our partners to tailor advertising content displayed on social media. Based on them, a user interest profile is built. This ensures that the displayed content is adapted to the user&#8217;s individual needs.  <\/p><p><b>Cookie Storage Period<\/b><\/p><p>Session cookies \u2013 are stored on the device in use until you leave the site, e.g., by closing the web browser.<\/p><p>Persistent cookies \u2013 exist until they are manually deleted or until a specific time set in the browser expires.<\/p><p><b>Types of Data Collected<\/b><\/p><p>These include:<\/p><p>\u25cf the IP address of the device used by the user<\/p><p>\u25cf device type<\/p><p>\u25cf time spent on the page<\/p><p>\u25cf actions taken on the page<\/p><p>\u25cf location from which the connection is made<\/p><p><b>How to Withdraw Consent<\/b><\/p><p>Some cookies are downloaded by the web browser when you enter a website. To block the ability to download cookies, you should use the method available for your specific web browser: <\/p><p>\u25cf Firefox<\/p><p>\u25cf Chrome<\/p><p>\u25cf Microsoft Edge<\/p><p>\u25cf Safari<\/p><p>The inability to save\/read cookies may result in incomplete and incorrect functioning of the website; however, using the site will still be possible.<\/p><p><b>Contact<\/b><\/p><p>If you have questions regarding the processing of personal data or wish to exercise your rights, you can contact us at the addresses indicated in the \u201cData Controller\u201d section.<span class=\"Apple-converted-space\"> <\/span><\/p><p>Furthermore, information about us and your rights can be found at the indicated address: (www. https:\/\/inarms.pl\/polityka-cookies\/)<\/p><p>In the event of a breach of personal data protection regulations, you have the right to lodge a complaint with the President of the Personal Data Protection Office at https:\/\/uodo.gov.pl\/<\/p>\t\t\t\t\t\t\t\t<\/div>\n\t\t\t\t\t<\/div>\n\t\t\t\t<\/div>\n\t\t\t\t<\/div>\n\t\t","protected":false},"excerpt":{"rendered":"<p>Cookies are text files that are automatically generated by web browsers when visiting or using websites. They are sent by the website and stored on the user&#8217;s device. Through them, the administrator receives information that, among other things, enables the proper functioning of the site, ensures security, and improves its performance. Data Controller The controller [&hellip;]<\/p>\n","protected":false},"author":2,"featured_media":0,"parent":0,"menu_order":0,"comment_status":"closed","ping_status":"closed","template":"","meta":{"footnotes":""},"class_list":["post-4153","page","type-page","status-publish","hentry"],"_links":{"self":[{"href":"https:\/\/inarms.pl\/en\/wp-json\/wp\/v2\/pages\/4153","targetHints":{"allow":["GET"]}}],"collection":[{"href":"https:\/\/inarms.pl\/en\/wp-json\/wp\/v2\/pages"}],"about":[{"href":"https:\/\/inarms.pl\/en\/wp-json\/wp\/v2\/types\/page"}],"author":[{"embeddable":true,"href":"https:\/\/inarms.pl\/en\/wp-json\/wp\/v2\/users\/2"}],"replies":[{"embeddable":true,"href":"https:\/\/inarms.pl\/en\/wp-json\/wp\/v2\/comments?post=4153"}],"version-history":[{"count":1,"href":"https:\/\/inarms.pl\/en\/wp-json\/wp\/v2\/pages\/4153\/revisions"}],"predecessor-version":[{"id":4154,"href":"https:\/\/inarms.pl\/en\/wp-json\/wp\/v2\/pages\/4153\/revisions\/4154"}],"wp:attachment":[{"href":"https:\/\/inarms.pl\/en\/wp-json\/wp\/v2\/media?parent=4153"}],"curies":[{"name":"wp","href":"https:\/\/api.w.org\/{rel}","templated":true}]}}